{"id":295,"date":"2017-08-30T09:45:24","date_gmt":"2017-08-30T07:45:24","guid":{"rendered":"http:\/\/mey-edit.de\/?page_id=295"},"modified":"2019-04-28T21:14:39","modified_gmt":"2019-04-28T19:14:39","slug":"was-ich-kann-wer-ich-bin","status":"publish","type":"page","link":"https:\/\/mey-edit.de\/?page_id=295","title":{"rendered":"Was ich kann &#038; wer ich bin"},"content":{"rendered":"<p><strong>Was ich so kann?<\/strong><\/p>\n<p>Seit Januar 2011 arbeite ich u.a. als Freie Mitarbeiterin beim ZDF im aktuellen Schnitt, bringe allerdings auch Erfahrungen im Magazinschnitt, Reportageschnitt und Dokumentationsschnitt mit. F\u00fcr den BR war ich bereits im Ausland und habe auf einem mobilen Schnittplatz Beitr\u00e4ge geschnitten und vertont.<\/p>\n<p><strong>Wo ich herkomme?<\/strong><\/p>\n<p>Ich habe drei Jahre an der HAW Amberg Weiden Medienproduktion und \u2013technik studiert und spezialisierte mich danach auf der Bayerischen Akademie f\u00fcr Fernsehen auf den Fachbereich Schnitt.<\/p>\n<p>W\u00e4hrend des Studiums habe ich die Abl\u00e4ufe der Produktion von Berichten, Dokumentationen, Reportagen und Nachrichtenformaten kennen gelernt und insbesondere die verschiedenen Schnittarten f\u00fcr die einzelnen Formate ausprobieren k\u00f6nnen. Durch den hohen Praxisanteil im Studium konnten wir sehr selbstst\u00e4ndig arbeiten und hatten durch die theoretischen Vorlesungen immer eine Basis f\u00fcr unsere Arbeiten.<\/p>\n<p><strong>Wer ich bin?\u00a0<\/strong><\/p>\n<p>M\u00f6glicherweise Ihre neue Mitarbeiterin? Bei Interesse gerne eine kurze Mail an mich: info [at] mey-edit.de<\/p>\n","protected":false},"excerpt":{"rendered":"<p>Was ich so kann? Seit Januar 2011 arbeite ich u.a. als Freie Mitarbeiterin beim ZDF im aktuellen Schnitt, bringe allerdings auch Erfahrungen im Magazinschnitt, Reportageschnitt und Dokumentationsschnitt mit. F\u00fcr den BR war ich bereits im Ausland und habe auf einem &hellip; <a href=\"https:\/\/mey-edit.de\/?page_id=295\">Continue reading <span class=\"meta-nav\">&rarr;<\/span><\/a><\/p>\n","protected":false},"author":2,"featured_media":0,"parent":0,"menu_order":1,"comment_status":"closed","ping_status":"closed","template":"","meta":{"footnotes":""},"class_list":["post-295","page","type-page","status-publish","hentry"],"_links":{"self":[{"href":"https:\/\/mey-edit.de\/index.php?rest_route=\/wp\/v2\/pages\/295","targetHints":{"allow":["GET"]}}],"collection":[{"href":"https:\/\/mey-edit.de\/index.php?rest_route=\/wp\/v2\/pages"}],"about":[{"href":"https:\/\/mey-edit.de\/index.php?rest_route=\/wp\/v2\/types\/page"}],"author":[{"embeddable":true,"href":"https:\/\/mey-edit.de\/index.php?rest_route=\/wp\/v2\/users\/2"}],"replies":[{"embeddable":true,"href":"https:\/\/mey-edit.de\/index.php?rest_route=%2Fwp%2Fv2%2Fcomments&post=295"}],"version-history":[{"count":2,"href":"https:\/\/mey-edit.de\/index.php?rest_route=\/wp\/v2\/pages\/295\/revisions"}],"predecessor-version":[{"id":308,"href":"https:\/\/mey-edit.de\/index.php?rest_route=\/wp\/v2\/pages\/295\/revisions\/308"}],"wp:attachment":[{"href":"https:\/\/mey-edit.de\/index.php?rest_route=%2Fwp%2Fv2%2Fmedia&parent=295"}],"curies":[{"name":"wp","href":"https:\/\/api.w.org\/{rel}","templated":true}]}}